{"id":10,"date":"2019-07-17T17:01:43","date_gmt":"2019-07-17T15:01:43","guid":{"rendered":"http:\/\/localhost:8080\/blog\/?page_id=10"},"modified":"2019-09-30T19:53:58","modified_gmt":"2019-09-30T19:53:58","slug":"o-mnie-2","status":"publish","type":"page","link":"http:\/\/kobietazdusza.pl\/?page_id=10","title":{"rendered":"O mnie"},"content":{"rendered":"\n<p>Zainspirowa\u0107 si\u0119. Pozwoli\u0107 sobie na zwolnienie tempa,\noddech, uwolni\u0107 my\u015bli. Podziwia\u0107 tw\u00f3rczo\u015b\u0107 innych, bez tego &#8222;podst\u0119pnie\nkie\u0142kuj\u0105cego&#8221; z pocz\u0105tku niepozornego uk\u0142ucia zazdro\u015bci o to, \u017ce\n&#8222;kto\u015b ma co\u015b lepiej&#8221;. Zmotywowa\u0107 si\u0119 i nie kopiowa\u0107, ale umie\u0107 wyrazi\u0107\nsiebie. Stworzy\u0107 &#8222;co\u015b z niczego&#8221; i cieszy\u0107 si\u0119 tym, po prostu.\nRozwija\u0107 swoje talenty, dzieli\u0107 si\u0119 nimi ze \u015bwiatem, bo niby dlaczego nie? <\/p>\n\n\n\n<p>Witam Ci\u0119 serdecznie na moim blogu \ud83d\ude42 Jestem mam\u0105 dw\u00f3jki\nuroczych Dziewczynek, \u017bon\u0105 cudownego M\u0119\u017ca. Macierzy\u0144stwo pozwoli\u0142o mi na\nzwolnienie tempa (o ironio!) i odkrywanie rzeczy, kt\u00f3re le\u017ca\u0142y od\u0142ogiem przez\nd\u0142ugi czas.&nbsp; Jestem z tych, kt\u00f3rzy\ncelebruj\u0105 codzienno\u015b\u0107 i zwyczajne chwile, a to pozwala na to, \u017ceby cieszy\u0107 si\u0119\ntym, co mam. Bo to wcale nie jest tak oczywiste jak nam si\u0119 cz\u0119sto wydaje. <\/p>\n\n\n\n<p>Zapraszam do k\u0105cika j\u0119zykowego, gdzie opowiadam o tym jak\nwplatam angielski swoim dzieciom na co dzie\u0144. W zak\u0142adce &#8222;kultura&#8221;\nznajdziecie opisy film\u00f3w, kt\u00f3re moim zdaniem s\u0105 warte zobaczenia i muzyki,\nkt\u00f3rej warto pos\u0142ucha\u0107. Wa\u017cny jest te\u017c dla mnie temat kobieco\u015bci sam w sobie, a\ntak\u017ce relacji damsko &#8211; m\u0119skich. Wszystko to znajdziecie w jednym miejscu. <\/p>\n\n\n\n<p>Jako \u017ce moja codzienno\u015b\u0107 bardzo cz\u0119sto wygl\u0105da jak w\nkalejdoskopie, kategoria &#8222;Zwyk\u0142a mama&#8221; opisuje w\u0142a\u015bnie te\n&#8222;najprostsze&#8221; historie. <\/p>\n\n\n\n<p>Zapraszam wi\u0119c do czytania and&#8230;&#8230;enjoy! <\/p>\n\n\n\n<p>Agnieszka <\/p>\n","protected":false},"excerpt":{"rendered":"<p>Zainspirowa\u0107 si\u0119. Pozwoli\u0107 sobie na zwolnienie tempa, oddech, uwolni\u0107 my\u015bli. Podziwia\u0107 tw\u00f3rczo\u015b\u0107 innych, bez tego &#8222;podst\u0119pnie kie\u0142kuj\u0105cego&#8221; z pocz\u0105tku niepozornego uk\u0142ucia zazdro\u015bci o to, \u017ce &#8222;kto\u015b ma co\u015b lepiej&#8221;. Zmotywowa\u0107 si\u0119 i nie kopiowa\u0107, ale umie\u0107 wyrazi\u0107 siebie. Stworzy\u0107 &#8222;co\u015b z niczego&#8221; i cieszy\u0107 si\u0119 tym, po prostu. Rozwija\u0107 swoje talenty, dzieli\u0107 si\u0119 nimi ze \u015bwiatem, bo niby dlaczego nie? Witam Ci\u0119 serdecznie na moim blogu \ud83d\ude42 Jestem mam\u0105 dw\u00f3jki uroczych Dziewczynek, \u017bon\u0105 cudownego M\u0119\u017ca. Macierzy\u0144stwo pozwoli\u0142o mi na zwolnienie tempa (o ironio!) i odkrywanie rzeczy, kt\u00f3re le\u017ca\u0142y od\u0142ogiem przez d\u0142ugi czas.&nbsp; Jestem z tych, kt\u00f3rzy celebruj\u0105 codzienno\u015b\u0107 i zwyczajne chwile, a to pozwala na to, \u017ceby cieszy\u0107 si\u0119 tym, co mam. Bo to wcale nie jest tak oczywiste jak nam si\u0119 cz\u0119sto wydaje. Zapraszam do k\u0105cika j\u0119zykowego, gdzie opowiadam o tym jak wplatam angielski swoim dzieciom na co dzie\u0144. W zak\u0142adce &#8222;kultura&#8221; znajdziecie opisy film\u00f3w, kt\u00f3re moim zdaniem s\u0105 warte zobaczenia i muzyki, kt\u00f3rej warto pos\u0142ucha\u0107. Wa\u017cny jest te\u017c dla mnie temat kobieco\u015bci sam w sobie, a tak\u017ce relacji damsko &#8211; m\u0119skich. Wszystko to znajdziecie w jednym miejscu. Jako \u017ce moja codzienno\u015b\u0107 bardzo cz\u0119sto wygl\u0105da jak w kalejdoskopie, kategoria &#8222;Zwyk\u0142a mama&#8221; opisuje w\u0142a\u015bnie te &#8222;najprostsze&#8221; historie. Zapraszam wi\u0119c do czytania and&#8230;&#8230;enjoy! Agnieszka<\/p>\n","protected":false},"author":1,"featured_media":0,"parent":0,"menu_order":0,"comment_status":"closed","ping_status":"closed","template":"","meta":{"footnotes":""},"_links":{"self":[{"href":"http:\/\/kobietazdusza.pl\/index.php?rest_route=\/wp\/v2\/pages\/10"}],"collection":[{"href":"http:\/\/kobietazdusza.pl\/index.php?rest_route=\/wp\/v2\/pages"}],"about":[{"href":"http:\/\/kobietazdusza.pl\/index.php?rest_route=\/wp\/v2\/types\/page"}],"author":[{"embeddable":true,"href":"http:\/\/kobietazdusza.pl\/index.php?rest_route=\/wp\/v2\/users\/1"}],"replies":[{"embeddable":true,"href":"http:\/\/kobietazdusza.pl\/index.php?rest_route=%2Fwp%2Fv2%2Fcomments&post=10"}],"version-history":[{"count":2,"href":"http:\/\/kobietazdusza.pl\/index.php?rest_route=\/wp\/v2\/pages\/10\/revisions"}],"predecessor-version":[{"id":62,"href":"http:\/\/kobietazdusza.pl\/index.php?rest_route=\/wp\/v2\/pages\/10\/revisions\/62"}],"wp:attachment":[{"href":"http:\/\/kobietazdusza.pl\/index.php?rest_route=%2Fwp%2Fv2%2Fmedia&parent=10"}],"curies":[{"name":"wp","href":"https:\/\/api.w.org\/{rel}","templated":true}]}}